{"id":1205,"date":"2023-06-23T14:07:02","date_gmt":"2023-06-23T12:07:02","guid":{"rendered":"http:\/\/eden-hotel.com\/what-to-do-in-levico\/kultur\/museum\/"},"modified":"2023-07-12T09:31:12","modified_gmt":"2023-07-12T07:31:12","slug":"museen","status":"publish","type":"page","link":"https:\/\/eden-hotel.com\/de\/what-to-do-in-levico\/kultur\/museen\/","title":{"rendered":"Museen"},"content":{"rendered":"<section class=\"l-section wpb_row us_custom_e2aec6d9 hide_on_tablets hide_on_mobiles height_medium full_height valign_center\"><div class=\"l-section-h i-cf\"><div class=\"g-cols vc_row via_grid cols_1 laptops-cols_inherit tablets-cols_inherit mobiles-cols_1 valign_top type_default stacking_default\"><div class=\"wpb_column vc_column_container\"><div class=\"vc_column-inner\"><div class=\"w-vwrapper us_custom_c7d46429 align_none valign_top\"><div class=\"wpb_text_column us_custom_88f885ac has_text_color\"><div class=\"wpb_wrapper\"><p>KULTUR UND INNOVATION<\/p>\n<\/div><\/div><div class=\"wpb_text_column us_custom_dccdc381\"><div class=\"wpb_wrapper\"><h1>MUSEEN<\/h1>\n<\/div><\/div><div class=\"w-image us_custom_24e0693b align_none\"><div class=\"w-image-h\"><img decoding=\"async\" width=\"290\" height=\"71\" src=\"https:\/\/eden-hotel.com\/wp-content\/uploads\/2023\/06\/separatore-50aa8bf4.png\" class=\"attachment-large size-large\" alt=\"\" loading=\"lazy\" \/><\/div><\/div><div class=\"wpb_text_column us_custom_7fd1ac55\"><div class=\"wpb_wrapper\"><p>Das Museumsangebot in Trentino wurde in den letzten Jahren um neue und avantgardistische Strukturen erweitert, deren Symbol das von Renzo Piano entworfene und 2013 eingeweihte MUSE-Museum der Wissenschaften von Trient ist. Die Museen in Trentino decken das gesamte Provinzgebiet ab, heben die Besonderheiten der verschiedenen Gebiete hervor und erz\u00e4hlen ihre Geschichten.<\/p>\n<\/div><\/div><\/div><\/div><\/div><\/div><\/div><\/section><section class=\"l-section wpb_row us_custom_e2aec6d9 hide_on_default hide_on_laptops height_medium full_height valign_center color_primary\"><div class=\"l-section-overlay\" style=\"background:rgba(0,0,0,0.30)\"><\/div><div class=\"l-section-h i-cf\"><div class=\"g-cols vc_row via_grid cols_1 laptops-cols_inherit tablets-cols_inherit mobiles-cols_1 valign_top type_default stacking_default\"><div class=\"wpb_column vc_column_container\"><div class=\"vc_column-inner\"><div class=\"w-vwrapper us_custom_59aee68e align_none valign_top\"><div class=\"wpb_text_column us_custom_eb633521 has_text_color\"><div class=\"wpb_wrapper\"><p>KULTUR UND INNOVATION<\/p>\n<\/div><\/div><div class=\"wpb_text_column us_custom_9e593153 has_text_color\"><div class=\"wpb_wrapper\"><p>MUSEEN<\/p>\n<\/div><\/div><div class=\"w-image us_custom_9047c4b3 align_none\"><div class=\"w-image-h\"><img decoding=\"async\" width=\"290\" height=\"71\" src=\"https:\/\/eden-hotel.com\/wp-content\/uploads\/2023\/06\/separatore-50aa8bf4.png\" class=\"attachment-large size-large\" alt=\"\" loading=\"lazy\" \/><\/div><\/div><div class=\"wpb_text_column us_custom_30f3539d\"><div class=\"wpb_wrapper\"><p>Das Museumsangebot in Trentino wurde in den letzten Jahren um neue und avantgardistische Strukturen erweitert, deren Symbol das von Renzo Piano entworfene und 2013 eingeweihte MUSE-Museum der Wissenschaften von Trient ist. Die Museen in Trentino decken das gesamte Provinzgebiet ab, heben die Besonderheiten der verschiedenen Gebiete hervor und erz\u00e4hlen ihre Geschichten.<\/p>\n<\/div><\/div><\/div><\/div><\/div><\/div><\/div><\/section><section class=\"l-section wpb_row height_huge\"><div class=\"l-section-h i-cf\"><div class=\"g-cols vc_row via_grid cols_1-2 laptops-cols_inherit tablets-cols_inherit mobiles-cols_1 valign_top type_default stacking_default\"><div class=\"wpb_column vc_column_container\"><div class=\"vc_column-inner\"><div class=\"wpb_text_column\"><div class=\"wpb_wrapper\"><h2>Alle Gesichter der Kultur<\/h2>\n<\/div><\/div><div class=\"wpb_text_column\"><div class=\"wpb_wrapper\"><h4>Das Museumsnetzwerk in Trentino<\/h4>\n<\/div><\/div><\/div><\/div><div class=\"wpb_column vc_column_container\"><div class=\"vc_column-inner\"><div class=\"wpb_text_column\"><div class=\"wpb_wrapper\"><p>From natural sciences (Muse, Trento) to the Cold War (Base Tuono, Folgaria), from ethnography (Museo degli Usi e Costumi della gente trentina, S. Michele all&#8217;Adige) to contemporary art (Mart, Rovereto), without forgetting local traditions (Museo PerVia delle Stampe e dell&#8217;Ambulantato, Pieve Tesino) and Trentino personalities such as Fortunato Depero (Casa Depero, Rovereto) and Alcide Degasperi (Casa Degasperi, Pieve Tesino). Any curiosity about this territory rich in biodiversity, culture, history and art can be satisfied in one of the Trentino museums.<\/p>\n<\/div><\/div><\/div><\/div><\/div><\/div><\/section><section class=\"l-section wpb_row height_medium full_height valign_center with_img parallax_ver\"><div class=\"l-section-img\" role=\"img\" aria-label=\"Hotel Eden Levico Terme\" data-img-width=\"1920\" data-img-height=\"1080\" style=\"background-image: url(https:\/\/eden-hotel.com\/wp-content\/uploads\/2023\/06\/muse-rovereto-museo-trentino-411034ca.jpeg);background-repeat: no-repeat;\"><\/div><div class=\"l-section-overlay\" style=\"background:rgba(0,0,0,0.30)\"><\/div><div class=\"l-section-h i-cf\"><div class=\"g-cols vc_row via_grid cols_2 laptops-cols_inherit tablets-cols_inherit mobiles-cols_1 valign_middle type_default stacking_default\"><div class=\"wpb_column vc_column_container\"><div class=\"vc_column-inner\"><div class=\"wpb_text_column us_custom_6df4bc3a has_text_color\"><div class=\"wpb_wrapper\"><h2>Au\u00dfergew\u00f6hnliche Architektur<\/h2>\n<\/div><\/div><div class=\"wpb_text_column us_custom_6df4bc3a has_text_color\"><div class=\"wpb_wrapper\"><p>Zu den Flaggschiffen des Trentiner Museumsnetzwerks geh\u00f6rt das MART (Museum f\u00fcr zeitgen\u00f6ssische Kunst von Trient und Rovereto), dessen Hauptsitz in Rovereto von Mario Botta entworfen wurde, und beherbergt eine st\u00e4ndige Sammlung von Werken der Avantgarde des 20. Jahrhunderts.<\/p>\n<p>Neben Fortunato Depero k\u00f6nnt Ihr Werke von De Chirico, Carr\u00e0 und Sironi bewundern. Der Mart organisiert und veranstaltet sehr h\u00e4ufig Wechselausstellungen.<\/p>\n<\/div><\/div><\/div><\/div><div class=\"wpb_column vc_column_container\"><div class=\"vc_column-inner\"><\/div><\/div><\/div><\/div><\/section><section class=\"l-section wpb_row height_huge color_alternate\"><div class=\"l-section-h i-cf\"><div class=\"g-cols vc_row via_grid cols_2 laptops-cols_inherit tablets-cols_inherit mobiles-cols_1 valign_middle type_default stacking_default\"><div class=\"wpb_column vc_column_container us_custom_2dfaf62c has_bg_color stretched\"><div class=\"vc_column-inner\"><\/div><\/div><div class=\"wpb_column vc_column_container\"><div class=\"vc_column-inner\"><div class=\"wpb_text_column\"><div class=\"wpb_wrapper\"><h2>Die Museen von Trient<\/h2>\n<\/div><\/div><div class=\"wpb_text_column\"><div class=\"wpb_wrapper\"><p>Die historische Hauptstadt Trentinos, die Stadt Trento, konzentriert die meisten Spuren der &#8222;Gro\u00dfen Geschichte&#8220; in der Region. Von den \u00dcberresten des r\u00f6mischen &#8222;Tridentum&#8220; (Sass Underground Archaeological Space) bis zur langen Saison des Bisch\u00f6flichen F\u00fcrstentums (Castello del Buonconsiglio, Museo Diocesano Tridentino) mit der Zeit des Konzils, als die Augen Europas ganz auf sie gerichtet waren, konnte Trient in den letzten Jahren seine historischen und k\u00fcnstlerischen Sch\u00e4tze bereichern und zug\u00e4nglich machen, die nur darauf warten, entdeckt zu werden!<\/p>\n<\/div><\/div><\/div><\/div><\/div><\/div><\/section>\n","protected":false},"excerpt":{"rendered":"KULTUR UND INNOVATION MUSEEN Das Museumsangebot in Trentino wurde in den letzten Jahren um neue und avantgardistische Strukturen erweitert, deren Symbol das von Renzo Piano entworfene und 2013 eingeweihte MUSE-Museum der Wissenschaften von Trient ist. Die Museen in Trentino decken das gesamte Provinzgebiet ab, heben die Besonderheiten der verschiedenen Gebiete hervor und erz\u00e4hlen ihre Geschichten....","protected":false},"author":1,"featured_media":0,"parent":1096,"menu_order":0,"comment_status":"closed","ping_status":"closed","template":"","meta":{"_acf_changed":false,"inline_featured_image":false,"footnotes":""},"class_list":["post-1205","page","type-page","status-publish","hentry"],"acf":[],"yoast_head":"<!-- This site is optimized with the Yoast SEO plugin v27.5 - https:\/\/yoast.com\/product\/yoast-seo-wordpress\/ -->\n<title>Musei vicino a Levico Terme<\/title>\n<meta name=\"description\" content=\"Esplora la viviacit\u00e0 culturale del Trentino visitando il Mart di Rovereto, il MUSE museo delle scienze a Trento, e tanti altri musei e gallerie.\" \/>\n<meta name=\"robots\" content=\"index, follow, max-snippet:-1, max-image-preview:large, max-video-preview:-1\" \/>\n<link rel=\"canonical\" href=\"https:\/\/eden-hotel.com\/de\/what-to-do-in-levico\/kultur\/museen\/\" \/>\n<meta property=\"og:locale\" content=\"de_DE\" \/>\n<meta property=\"og:type\" content=\"article\" \/>\n<meta property=\"og:title\" content=\"Musei vicino a Levico Terme\" \/>\n<meta property=\"og:description\" content=\"Esplora la viviacit\u00e0 culturale del Trentino visitando il Mart di Rovereto, il MUSE museo delle scienze a Trento, e tanti altri musei e gallerie.\" \/>\n<meta property=\"og:url\" content=\"https:\/\/eden-hotel.com\/de\/what-to-do-in-levico\/kultur\/museen\/\" \/>\n<meta property=\"og:site_name\" content=\"Hotel Eden Levico Terme\" \/>\n<meta property=\"article:publisher\" content=\"https:\/\/www.facebook.com\/HotelEdenLevicoTerme\" \/>\n<meta property=\"article:modified_time\" content=\"2023-07-12T07:31:12+00:00\" \/>\n<meta property=\"og:image\" content=\"https:\/\/eden-hotel.com\/wp-content\/uploads\/2023\/06\/dettaglio-camera-singola-levico-ca9e938a.jpeg\" \/>\n\t<meta property=\"og:image:width\" content=\"720\" \/>\n\t<meta property=\"og:image:height\" content=\"500\" \/>\n\t<meta property=\"og:image:type\" content=\"image\/jpeg\" \/>\n<meta name=\"twitter:card\" content=\"summary_large_image\" \/>\n<meta name=\"twitter:label1\" content=\"Gesch\u00e4tzte Lesezeit\" \/>\n\t<meta name=\"twitter:data1\" content=\"3\u00a0Minuten\" \/>\n<script type=\"application\/ld+json\" class=\"yoast-schema-graph\">{\"@context\":\"https:\\\/\\\/schema.org\",\"@graph\":[{\"@type\":\"WebPage\",\"@id\":\"https:\\\/\\\/eden-hotel.com\\\/de\\\/what-to-do-in-levico\\\/kultur\\\/museen\\\/\",\"url\":\"https:\\\/\\\/eden-hotel.com\\\/de\\\/what-to-do-in-levico\\\/kultur\\\/museen\\\/\",\"name\":\"Musei vicino a Levico Terme\",\"isPartOf\":{\"@id\":\"https:\\\/\\\/eden-hotel.com\\\/#website\"},\"datePublished\":\"2023-06-23T12:07:02+00:00\",\"dateModified\":\"2023-07-12T07:31:12+00:00\",\"description\":\"Esplora la viviacit\u00e0 culturale del Trentino visitando il Mart di Rovereto, il MUSE museo delle scienze a Trento, e tanti altri musei e gallerie.\",\"breadcrumb\":{\"@id\":\"https:\\\/\\\/eden-hotel.com\\\/de\\\/what-to-do-in-levico\\\/kultur\\\/museen\\\/#breadcrumb\"},\"inLanguage\":\"de\",\"potentialAction\":[{\"@type\":\"ReadAction\",\"target\":[\"https:\\\/\\\/eden-hotel.com\\\/de\\\/what-to-do-in-levico\\\/kultur\\\/museen\\\/\"]}]},{\"@type\":\"BreadcrumbList\",\"@id\":\"https:\\\/\\\/eden-hotel.com\\\/de\\\/what-to-do-in-levico\\\/kultur\\\/museen\\\/#breadcrumb\",\"itemListElement\":[{\"@type\":\"ListItem\",\"position\":1,\"name\":\"Home\",\"item\":\"https:\\\/\\\/eden-hotel.com\\\/de\\\/\"},{\"@type\":\"ListItem\",\"position\":2,\"name\":\"What to do in Levico\",\"item\":\"https:\\\/\\\/eden-hotel.com\\\/de\\\/what-to-do-in-levico\\\/\"},{\"@type\":\"ListItem\",\"position\":3,\"name\":\"kultur\",\"item\":\"https:\\\/\\\/eden-hotel.com\\\/de\\\/what-to-do-in-levico\\\/kultur\\\/\"},{\"@type\":\"ListItem\",\"position\":4,\"name\":\"Museen\"}]},{\"@type\":\"WebSite\",\"@id\":\"https:\\\/\\\/eden-hotel.com\\\/#website\",\"url\":\"https:\\\/\\\/eden-hotel.com\\\/\",\"name\":\"Hotel Eden Levico Terme\",\"description\":\"Hotel Eden Levico Terme\",\"publisher\":{\"@id\":\"https:\\\/\\\/eden-hotel.com\\\/#organization\"},\"potentialAction\":[{\"@type\":\"SearchAction\",\"target\":{\"@type\":\"EntryPoint\",\"urlTemplate\":\"https:\\\/\\\/eden-hotel.com\\\/?s={search_term_string}\"},\"query-input\":{\"@type\":\"PropertyValueSpecification\",\"valueRequired\":true,\"valueName\":\"search_term_string\"}}],\"inLanguage\":\"de\"},{\"@type\":\"Organization\",\"@id\":\"https:\\\/\\\/eden-hotel.com\\\/#organization\",\"name\":\"Hotel Eden Levico Terme\",\"url\":\"https:\\\/\\\/eden-hotel.com\\\/\",\"logo\":{\"@type\":\"ImageObject\",\"inLanguage\":\"de\",\"@id\":\"https:\\\/\\\/eden-hotel.com\\\/#\\\/schema\\\/logo\\\/image\\\/\",\"url\":\"http:\\\/\\\/eden-hotel.com\\\/wp-content\\\/uploads\\\/2023\\\/06\\\/logo-d34bb626.png\",\"contentUrl\":\"http:\\\/\\\/eden-hotel.com\\\/wp-content\\\/uploads\\\/2023\\\/06\\\/logo-d34bb626.png\",\"width\":182,\"height\":83,\"caption\":\"Hotel Eden Levico Terme\"},\"image\":{\"@id\":\"https:\\\/\\\/eden-hotel.com\\\/#\\\/schema\\\/logo\\\/image\\\/\"},\"sameAs\":[\"https:\\\/\\\/www.facebook.com\\\/HotelEdenLevicoTerme\"]}]}<\/script>\n<!-- \/ Yoast SEO plugin. -->","yoast_head_json":{"title":"Musei vicino a Levico Terme","description":"Esplora la viviacit\u00e0 culturale del Trentino visitando il Mart di Rovereto, il MUSE museo delle scienze a Trento, e tanti altri musei e gallerie.","robots":{"index":"index","follow":"follow","max-snippet":"max-snippet:-1","max-image-preview":"max-image-preview:large","max-video-preview":"max-video-preview:-1"},"canonical":"https:\/\/eden-hotel.com\/de\/what-to-do-in-levico\/kultur\/museen\/","og_locale":"de_DE","og_type":"article","og_title":"Musei vicino a Levico Terme","og_description":"Esplora la viviacit\u00e0 culturale del Trentino visitando il Mart di Rovereto, il MUSE museo delle scienze a Trento, e tanti altri musei e gallerie.","og_url":"https:\/\/eden-hotel.com\/de\/what-to-do-in-levico\/kultur\/museen\/","og_site_name":"Hotel Eden Levico Terme","article_publisher":"https:\/\/www.facebook.com\/HotelEdenLevicoTerme","article_modified_time":"2023-07-12T07:31:12+00:00","og_image":[{"width":720,"height":500,"url":"https:\/\/eden-hotel.com\/wp-content\/uploads\/2023\/06\/dettaglio-camera-singola-levico-ca9e938a.jpeg","type":"image\/jpeg"}],"twitter_card":"summary_large_image","twitter_misc":{"Gesch\u00e4tzte Lesezeit":"3\u00a0Minuten"},"schema":{"@context":"https:\/\/schema.org","@graph":[{"@type":"WebPage","@id":"https:\/\/eden-hotel.com\/de\/what-to-do-in-levico\/kultur\/museen\/","url":"https:\/\/eden-hotel.com\/de\/what-to-do-in-levico\/kultur\/museen\/","name":"Musei vicino a Levico Terme","isPartOf":{"@id":"https:\/\/eden-hotel.com\/#website"},"datePublished":"2023-06-23T12:07:02+00:00","dateModified":"2023-07-12T07:31:12+00:00","description":"Esplora la viviacit\u00e0 culturale del Trentino visitando il Mart di Rovereto, il MUSE museo delle scienze a Trento, e tanti altri musei e gallerie.","breadcrumb":{"@id":"https:\/\/eden-hotel.com\/de\/what-to-do-in-levico\/kultur\/museen\/#breadcrumb"},"inLanguage":"de","potentialAction":[{"@type":"ReadAction","target":["https:\/\/eden-hotel.com\/de\/what-to-do-in-levico\/kultur\/museen\/"]}]},{"@type":"BreadcrumbList","@id":"https:\/\/eden-hotel.com\/de\/what-to-do-in-levico\/kultur\/museen\/#breadcrumb","itemListElement":[{"@type":"ListItem","position":1,"name":"Home","item":"https:\/\/eden-hotel.com\/de\/"},{"@type":"ListItem","position":2,"name":"What to do in Levico","item":"https:\/\/eden-hotel.com\/de\/what-to-do-in-levico\/"},{"@type":"ListItem","position":3,"name":"kultur","item":"https:\/\/eden-hotel.com\/de\/what-to-do-in-levico\/kultur\/"},{"@type":"ListItem","position":4,"name":"Museen"}]},{"@type":"WebSite","@id":"https:\/\/eden-hotel.com\/#website","url":"https:\/\/eden-hotel.com\/","name":"Hotel Eden Levico Terme","description":"Hotel Eden Levico Terme","publisher":{"@id":"https:\/\/eden-hotel.com\/#organization"},"potentialAction":[{"@type":"SearchAction","target":{"@type":"EntryPoint","urlTemplate":"https:\/\/eden-hotel.com\/?s={search_term_string}"},"query-input":{"@type":"PropertyValueSpecification","valueRequired":true,"valueName":"search_term_string"}}],"inLanguage":"de"},{"@type":"Organization","@id":"https:\/\/eden-hotel.com\/#organization","name":"Hotel Eden Levico Terme","url":"https:\/\/eden-hotel.com\/","logo":{"@type":"ImageObject","inLanguage":"de","@id":"https:\/\/eden-hotel.com\/#\/schema\/logo\/image\/","url":"http:\/\/eden-hotel.com\/wp-content\/uploads\/2023\/06\/logo-d34bb626.png","contentUrl":"http:\/\/eden-hotel.com\/wp-content\/uploads\/2023\/06\/logo-d34bb626.png","width":182,"height":83,"caption":"Hotel Eden Levico Terme"},"image":{"@id":"https:\/\/eden-hotel.com\/#\/schema\/logo\/image\/"},"sameAs":["https:\/\/www.facebook.com\/HotelEdenLevicoTerme"]}]}},"publishpress_future_action":{"enabled":false,"date":"2026-05-06 14:04:00","action":"change-status","newStatus":"draft","terms":[],"taxonomy":"translation_priority","extraData":[]},"publishpress_future_workflow_manual_trigger":{"enabledWorkflows":[]},"_links":{"self":[{"href":"https:\/\/eden-hotel.com\/de\/wp-json\/wp\/v2\/pages\/1205","targetHints":{"allow":["GET"]}}],"collection":[{"href":"https:\/\/eden-hotel.com\/de\/wp-json\/wp\/v2\/pages"}],"about":[{"href":"https:\/\/eden-hotel.com\/de\/wp-json\/wp\/v2\/types\/page"}],"author":[{"embeddable":true,"href":"https:\/\/eden-hotel.com\/de\/wp-json\/wp\/v2\/users\/1"}],"replies":[{"embeddable":true,"href":"https:\/\/eden-hotel.com\/de\/wp-json\/wp\/v2\/comments?post=1205"}],"version-history":[{"count":2,"href":"https:\/\/eden-hotel.com\/de\/wp-json\/wp\/v2\/pages\/1205\/revisions"}],"predecessor-version":[{"id":1207,"href":"https:\/\/eden-hotel.com\/de\/wp-json\/wp\/v2\/pages\/1205\/revisions\/1207"}],"up":[{"embeddable":true,"href":"https:\/\/eden-hotel.com\/de\/wp-json\/wp\/v2\/pages\/1096"}],"wp:attachment":[{"href":"https:\/\/eden-hotel.com\/de\/wp-json\/wp\/v2\/media?parent=1205"}],"curies":[{"name":"wp","href":"https:\/\/api.w.org\/{rel}","templated":true}]}}