{"id":1158,"date":"2023-06-23T14:06:06","date_gmt":"2023-06-23T12:06:06","guid":{"rendered":"http:\/\/eden-hotel.com\/what-to-do-in-levico\/natur\/habsburg-park\/"},"modified":"2023-07-12T09:05:40","modified_gmt":"2023-07-12T07:05:40","slug":"habsburger-park","status":"publish","type":"page","link":"https:\/\/eden-hotel.com\/de\/what-to-do-in-levico\/natur\/habsburger-park\/","title":{"rendered":"Habsburger Park"},"content":{"rendered":"<section class=\"l-section wpb_row us_custom_dd0fdedb hide_on_tablets hide_on_mobiles height_medium full_height valign_center\"><div class=\"l-section-h i-cf\"><div class=\"g-cols vc_row via_grid cols_1 laptops-cols_inherit tablets-cols_inherit mobiles-cols_1 valign_top type_default stacking_default\"><div class=\"wpb_column vc_column_container\"><div class=\"vc_column-inner\"><div class=\"w-vwrapper us_custom_59aee68e align_none valign_top\"><div class=\"wpb_text_column us_custom_88f885ac has_text_color\"><div class=\"wpb_wrapper\"><p>EINH\u00dcLLENDE NATUR<\/p>\n<\/div><\/div><div class=\"wpb_text_column us_custom_dccdc381\"><div class=\"wpb_wrapper\"><h1>HABSBURGER PARK<\/h1>\n<\/div><\/div><div class=\"w-image us_custom_24e0693b align_none\"><div class=\"w-image-h\"><img decoding=\"async\" width=\"290\" height=\"71\" src=\"https:\/\/eden-hotel.com\/wp-content\/uploads\/2023\/06\/separatore-50aa8bf4.png\" class=\"attachment-large size-large\" alt=\"\" loading=\"lazy\" \/><\/div><\/div><div class=\"wpb_text_column us_custom_7d28caca\"><div class=\"wpb_wrapper\"><p>Ein wahres Juwel im Herzen der Stadt Levico, der ideale Ort f\u00fcr einen ruhigen Spaziergang zwischen von B\u00e4umen ges\u00e4umten Alleen, Blumenbeeten und malerischen Geb\u00e4uden, die direkt auf die Zeit von Sissi verweisen.<\/p>\n<\/div><\/div><\/div><\/div><\/div><\/div><\/div><\/section><section class=\"l-section wpb_row us_custom_dd0fdedb hide_on_default hide_on_laptops height_medium full_height valign_center color_primary\"><div class=\"l-section-overlay\" style=\"background:rgba(0,0,0,0.30)\"><\/div><div class=\"l-section-h i-cf\"><div class=\"g-cols vc_row via_grid cols_1 laptops-cols_inherit tablets-cols_inherit mobiles-cols_1 valign_top type_default stacking_default\"><div class=\"wpb_column vc_column_container\"><div class=\"vc_column-inner\"><div class=\"w-vwrapper us_custom_59aee68e align_none valign_top\"><div class=\"wpb_text_column us_custom_eb633521 has_text_color\"><div class=\"wpb_wrapper\"><p>EINH\u00dcLLENDE NATUR<\/p>\n<\/div><\/div><div class=\"wpb_text_column us_custom_9e593153 has_text_color\"><div class=\"wpb_wrapper\"><p>HABSBURGER PARK<\/p>\n<\/div><\/div><div class=\"w-image us_custom_9047c4b3 align_none\"><div class=\"w-image-h\"><img decoding=\"async\" width=\"290\" height=\"71\" src=\"https:\/\/eden-hotel.com\/wp-content\/uploads\/2023\/06\/separatore-50aa8bf4.png\" class=\"attachment-large size-large\" alt=\"\" loading=\"lazy\" \/><\/div><\/div><div class=\"wpb_text_column us_custom_30f3539d\"><div class=\"wpb_wrapper\"><p>Ein wahres Juwel im Herzen der Stadt Levico, der ideale Ort f\u00fcr einen ruhigen Spaziergang zwischen von B\u00e4umen ges\u00e4umten Alleen, Blumenbeeten und malerischen Geb\u00e4uden, die direkt auf die Zeit von Sissi verweisen.<\/p>\n<\/div><\/div><\/div><\/div><\/div><\/div><\/div><\/section><section class=\"l-section wpb_row height_huge\"><div class=\"l-section-h i-cf\"><div class=\"g-cols vc_row via_grid cols_1-2 laptops-cols_inherit tablets-cols_inherit mobiles-cols_1 valign_top type_default stacking_default\"><div class=\"wpb_column vc_column_container\"><div class=\"vc_column-inner\"><div class=\"wpb_text_column\"><div class=\"wpb_wrapper\"><h2>Au\u00dfergew\u00f6hnliche Farben und Formen<\/h2>\n<\/div><\/div><div class=\"wpb_text_column\"><div class=\"wpb_wrapper\"><h4>Natur in Levico Terme<\/h4>\n<\/div><\/div><\/div><\/div><div class=\"wpb_column vc_column_container\"><div class=\"vc_column-inner\"><div class=\"wpb_text_column\"><div class=\"wpb_wrapper\"><p>Symbol der Entwicklung des Thermaltourismus in Levico, gedacht als erster Blick, eingef\u00fcgt in eine bezaubernde Perspektive, die sich dem Besucher beim Verlassen des Bahnhofs pr\u00e4sentiert, umrahmt der Park das majest\u00e4tische Grand Hotel, das nach den authentischsten Kanons des Jugendstils am Ende des Jahrhunderts. Zwischen monumentalen B\u00e4umen und Zierarten aus verschiedenen Kontinenten war der Park in mehr als einem Jahrhundert ein beliebter Ort sowohl f\u00fcr Einwohner als auch f\u00fcr Touristen.<\/p>\n<\/div><\/div><\/div><\/div><\/div><\/div><\/section><section class=\"l-section wpb_row height_medium full_height valign_center with_img parallax_ver\"><div class=\"l-section-img\" role=\"img\" aria-label=\"Hotel Eden Levico Terme\" data-img-width=\"1920\" data-img-height=\"1080\" style=\"background-image: url(https:\/\/eden-hotel.com\/wp-content\/uploads\/2023\/06\/faggi-autunno-parco-asburgico-levico-terme-0e60eb5e.jpeg);background-repeat: no-repeat;\"><\/div><div class=\"l-section-overlay\" style=\"background:rgba(0,0,0,0.30)\"><\/div><div class=\"l-section-h i-cf\"><div class=\"g-cols vc_row via_grid cols_2 laptops-cols_inherit tablets-cols_inherit mobiles-cols_1 valign_middle type_default stacking_default\"><div class=\"wpb_column vc_column_container\"><div class=\"vc_column-inner\"><div class=\"wpb_text_column us_custom_6df4bc3a has_text_color\"><div class=\"wpb_wrapper\"><h2>Magische Atmosph\u00e4ren<\/h2>\n<\/div><\/div><div class=\"wpb_text_column us_custom_6df4bc3a has_text_color\"><div class=\"wpb_wrapper\"><p>IIn den letzten Jahren mit einigen k\u00fcnstlerischen Installationen und einem gro\u00dfen halbrunden Auditorium (wie ein griechisches Theater) bereichert, veranstaltet der Park im Sommer musikalische Matineen und Abendkonzerte, die dem Ort einen ganz besonderen Zauber verleihen.<\/p>\n<p>Im Herzen des Parks, in der fabelhaften Villa Paradiso, einst Residenz des G\u00e4rtners, kann man oft Ausstellungen besuchen, die von der Stiftung Historisches Trentiner Museum vorgeschlagen werden.<\/p>\n<\/div><\/div><\/div><\/div><div class=\"wpb_column vc_column_container\"><div class=\"vc_column-inner\"><\/div><\/div><\/div><\/div><\/section><section class=\"l-section wpb_row height_huge color_alternate\"><div class=\"l-section-h i-cf\"><div class=\"g-cols vc_row via_grid cols_2 laptops-cols_inherit tablets-cols_inherit mobiles-cols_1 valign_middle type_default stacking_default\"><div class=\"wpb_column vc_column_container us_custom_b6505ad6 has_bg_color stretched\"><div class=\"vc_column-inner\"><\/div><\/div><div class=\"wpb_column vc_column_container\"><div class=\"vc_column-inner\"><div class=\"wpb_text_column\"><div class=\"wpb_wrapper\"><h2>\u00dcberraschend zu jeder Jahreszeit<\/h2>\n<\/div><\/div><div class=\"wpb_text_column\"><div class=\"wpb_wrapper\"><p>Die farbenfrohe Fr\u00fchlingsbl\u00fcte, das leuchtende Gr\u00fcn im Sommer, die Explosion der leuchtenden Farben des Laubs, dessen wei\u00dfer Mantel es im Winter kleidet: Jeder Moment des Jahres ist einen Besuch im Park wert, der oft Veranstaltungen wie \u201eOrtinparco\u201c und die Weihnachtsm\u00e4rkte, einzigartig in ihrer Art und unvergesslich dank der au\u00dfergew\u00f6hnlichen Landschaft, in die sie eintauchen.<\/p>\n<\/div><\/div><\/div><\/div><\/div><\/div><\/section>\n","protected":false},"excerpt":{"rendered":"EINH\u00dcLLENDE NATUR HABSBURGER PARK Ein wahres Juwel im Herzen der Stadt Levico, der ideale Ort f\u00fcr einen ruhigen Spaziergang zwischen von B\u00e4umen ges\u00e4umten Alleen, Blumenbeeten und malerischen Geb\u00e4uden, die direkt auf die Zeit von Sissi verweisen. EINH\u00dcLLENDE NATUR HABSBURGER PARK Ein wahres Juwel im Herzen der Stadt Levico, der ideale Ort f\u00fcr einen ruhigen Spaziergang...","protected":false},"author":1,"featured_media":0,"parent":1104,"menu_order":0,"comment_status":"closed","ping_status":"closed","template":"","meta":{"_acf_changed":false,"inline_featured_image":false,"footnotes":""},"class_list":["post-1158","page","type-page","status-publish","hentry"],"acf":[],"yoast_head":"<!-- This site is optimized with the Yoast SEO plugin v27.5 - https:\/\/yoast.com\/product\/yoast-seo-wordpress\/ -->\n<title>Parco Asburgico Levico Terme<\/title>\n<meta name=\"description\" content=\"Passeggia nel verde cuore di Levico Terme e scopri il Parco Asburgico con le sue secolari piante\" \/>\n<meta name=\"robots\" content=\"index, follow, max-snippet:-1, max-image-preview:large, max-video-preview:-1\" \/>\n<link rel=\"canonical\" href=\"https:\/\/eden-hotel.com\/de\/what-to-do-in-levico\/natur\/habsburger-park\/\" \/>\n<meta property=\"og:locale\" content=\"de_DE\" \/>\n<meta property=\"og:type\" content=\"article\" \/>\n<meta property=\"og:title\" content=\"Parco Asburgico Levico Terme\" \/>\n<meta property=\"og:description\" content=\"Passeggia nel verde cuore di Levico Terme e scopri il Parco Asburgico con le sue secolari piante\" \/>\n<meta property=\"og:url\" content=\"https:\/\/eden-hotel.com\/de\/what-to-do-in-levico\/natur\/habsburger-park\/\" \/>\n<meta property=\"og:site_name\" content=\"Hotel Eden Levico Terme\" \/>\n<meta property=\"article:publisher\" content=\"https:\/\/www.facebook.com\/HotelEdenLevicoTerme\" \/>\n<meta property=\"article:modified_time\" content=\"2023-07-12T07:05:40+00:00\" \/>\n<meta property=\"og:image\" content=\"https:\/\/eden-hotel.com\/wp-content\/uploads\/2023\/06\/dettaglio-camera-singola-levico-ca9e938a.jpeg\" \/>\n\t<meta property=\"og:image:width\" content=\"720\" \/>\n\t<meta property=\"og:image:height\" content=\"500\" \/>\n\t<meta property=\"og:image:type\" content=\"image\/jpeg\" \/>\n<meta name=\"twitter:card\" content=\"summary_large_image\" \/>\n<meta name=\"twitter:label1\" content=\"Gesch\u00e4tzte Lesezeit\" \/>\n\t<meta name=\"twitter:data1\" content=\"2\u00a0Minuten\" \/>\n<script type=\"application\/ld+json\" class=\"yoast-schema-graph\">{\"@context\":\"https:\\\/\\\/schema.org\",\"@graph\":[{\"@type\":\"WebPage\",\"@id\":\"https:\\\/\\\/eden-hotel.com\\\/de\\\/what-to-do-in-levico\\\/natur\\\/habsburger-park\\\/\",\"url\":\"https:\\\/\\\/eden-hotel.com\\\/de\\\/what-to-do-in-levico\\\/natur\\\/habsburger-park\\\/\",\"name\":\"Parco Asburgico Levico Terme\",\"isPartOf\":{\"@id\":\"https:\\\/\\\/eden-hotel.com\\\/#website\"},\"datePublished\":\"2023-06-23T12:06:06+00:00\",\"dateModified\":\"2023-07-12T07:05:40+00:00\",\"description\":\"Passeggia nel verde cuore di Levico Terme e scopri il Parco Asburgico con le sue secolari piante\",\"breadcrumb\":{\"@id\":\"https:\\\/\\\/eden-hotel.com\\\/de\\\/what-to-do-in-levico\\\/natur\\\/habsburger-park\\\/#breadcrumb\"},\"inLanguage\":\"de\",\"potentialAction\":[{\"@type\":\"ReadAction\",\"target\":[\"https:\\\/\\\/eden-hotel.com\\\/de\\\/what-to-do-in-levico\\\/natur\\\/habsburger-park\\\/\"]}]},{\"@type\":\"BreadcrumbList\",\"@id\":\"https:\\\/\\\/eden-hotel.com\\\/de\\\/what-to-do-in-levico\\\/natur\\\/habsburger-park\\\/#breadcrumb\",\"itemListElement\":[{\"@type\":\"ListItem\",\"position\":1,\"name\":\"Home\",\"item\":\"https:\\\/\\\/eden-hotel.com\\\/de\\\/\"},{\"@type\":\"ListItem\",\"position\":2,\"name\":\"What to do in Levico\",\"item\":\"https:\\\/\\\/eden-hotel.com\\\/de\\\/what-to-do-in-levico\\\/\"},{\"@type\":\"ListItem\",\"position\":3,\"name\":\"Natur\",\"item\":\"https:\\\/\\\/eden-hotel.com\\\/de\\\/what-to-do-in-levico\\\/natur\\\/\"},{\"@type\":\"ListItem\",\"position\":4,\"name\":\"Habsburger Park\"}]},{\"@type\":\"WebSite\",\"@id\":\"https:\\\/\\\/eden-hotel.com\\\/#website\",\"url\":\"https:\\\/\\\/eden-hotel.com\\\/\",\"name\":\"Hotel Eden Levico Terme\",\"description\":\"Hotel Eden Levico Terme\",\"publisher\":{\"@id\":\"https:\\\/\\\/eden-hotel.com\\\/#organization\"},\"potentialAction\":[{\"@type\":\"SearchAction\",\"target\":{\"@type\":\"EntryPoint\",\"urlTemplate\":\"https:\\\/\\\/eden-hotel.com\\\/?s={search_term_string}\"},\"query-input\":{\"@type\":\"PropertyValueSpecification\",\"valueRequired\":true,\"valueName\":\"search_term_string\"}}],\"inLanguage\":\"de\"},{\"@type\":\"Organization\",\"@id\":\"https:\\\/\\\/eden-hotel.com\\\/#organization\",\"name\":\"Hotel Eden Levico Terme\",\"url\":\"https:\\\/\\\/eden-hotel.com\\\/\",\"logo\":{\"@type\":\"ImageObject\",\"inLanguage\":\"de\",\"@id\":\"https:\\\/\\\/eden-hotel.com\\\/#\\\/schema\\\/logo\\\/image\\\/\",\"url\":\"http:\\\/\\\/eden-hotel.com\\\/wp-content\\\/uploads\\\/2023\\\/06\\\/logo-d34bb626.png\",\"contentUrl\":\"http:\\\/\\\/eden-hotel.com\\\/wp-content\\\/uploads\\\/2023\\\/06\\\/logo-d34bb626.png\",\"width\":182,\"height\":83,\"caption\":\"Hotel Eden Levico Terme\"},\"image\":{\"@id\":\"https:\\\/\\\/eden-hotel.com\\\/#\\\/schema\\\/logo\\\/image\\\/\"},\"sameAs\":[\"https:\\\/\\\/www.facebook.com\\\/HotelEdenLevicoTerme\"]}]}<\/script>\n<!-- \/ Yoast SEO plugin. -->","yoast_head_json":{"title":"Parco Asburgico Levico Terme","description":"Passeggia nel verde cuore di Levico Terme e scopri il Parco Asburgico con le sue secolari piante","robots":{"index":"index","follow":"follow","max-snippet":"max-snippet:-1","max-image-preview":"max-image-preview:large","max-video-preview":"max-video-preview:-1"},"canonical":"https:\/\/eden-hotel.com\/de\/what-to-do-in-levico\/natur\/habsburger-park\/","og_locale":"de_DE","og_type":"article","og_title":"Parco Asburgico Levico Terme","og_description":"Passeggia nel verde cuore di Levico Terme e scopri il Parco Asburgico con le sue secolari piante","og_url":"https:\/\/eden-hotel.com\/de\/what-to-do-in-levico\/natur\/habsburger-park\/","og_site_name":"Hotel Eden Levico Terme","article_publisher":"https:\/\/www.facebook.com\/HotelEdenLevicoTerme","article_modified_time":"2023-07-12T07:05:40+00:00","og_image":[{"width":720,"height":500,"url":"https:\/\/eden-hotel.com\/wp-content\/uploads\/2023\/06\/dettaglio-camera-singola-levico-ca9e938a.jpeg","type":"image\/jpeg"}],"twitter_card":"summary_large_image","twitter_misc":{"Gesch\u00e4tzte Lesezeit":"2\u00a0Minuten"},"schema":{"@context":"https:\/\/schema.org","@graph":[{"@type":"WebPage","@id":"https:\/\/eden-hotel.com\/de\/what-to-do-in-levico\/natur\/habsburger-park\/","url":"https:\/\/eden-hotel.com\/de\/what-to-do-in-levico\/natur\/habsburger-park\/","name":"Parco Asburgico Levico Terme","isPartOf":{"@id":"https:\/\/eden-hotel.com\/#website"},"datePublished":"2023-06-23T12:06:06+00:00","dateModified":"2023-07-12T07:05:40+00:00","description":"Passeggia nel verde cuore di Levico Terme e scopri il Parco Asburgico con le sue secolari piante","breadcrumb":{"@id":"https:\/\/eden-hotel.com\/de\/what-to-do-in-levico\/natur\/habsburger-park\/#breadcrumb"},"inLanguage":"de","potentialAction":[{"@type":"ReadAction","target":["https:\/\/eden-hotel.com\/de\/what-to-do-in-levico\/natur\/habsburger-park\/"]}]},{"@type":"BreadcrumbList","@id":"https:\/\/eden-hotel.com\/de\/what-to-do-in-levico\/natur\/habsburger-park\/#breadcrumb","itemListElement":[{"@type":"ListItem","position":1,"name":"Home","item":"https:\/\/eden-hotel.com\/de\/"},{"@type":"ListItem","position":2,"name":"What to do in Levico","item":"https:\/\/eden-hotel.com\/de\/what-to-do-in-levico\/"},{"@type":"ListItem","position":3,"name":"Natur","item":"https:\/\/eden-hotel.com\/de\/what-to-do-in-levico\/natur\/"},{"@type":"ListItem","position":4,"name":"Habsburger Park"}]},{"@type":"WebSite","@id":"https:\/\/eden-hotel.com\/#website","url":"https:\/\/eden-hotel.com\/","name":"Hotel Eden Levico Terme","description":"Hotel Eden Levico Terme","publisher":{"@id":"https:\/\/eden-hotel.com\/#organization"},"potentialAction":[{"@type":"SearchAction","target":{"@type":"EntryPoint","urlTemplate":"https:\/\/eden-hotel.com\/?s={search_term_string}"},"query-input":{"@type":"PropertyValueSpecification","valueRequired":true,"valueName":"search_term_string"}}],"inLanguage":"de"},{"@type":"Organization","@id":"https:\/\/eden-hotel.com\/#organization","name":"Hotel Eden Levico Terme","url":"https:\/\/eden-hotel.com\/","logo":{"@type":"ImageObject","inLanguage":"de","@id":"https:\/\/eden-hotel.com\/#\/schema\/logo\/image\/","url":"http:\/\/eden-hotel.com\/wp-content\/uploads\/2023\/06\/logo-d34bb626.png","contentUrl":"http:\/\/eden-hotel.com\/wp-content\/uploads\/2023\/06\/logo-d34bb626.png","width":182,"height":83,"caption":"Hotel Eden Levico Terme"},"image":{"@id":"https:\/\/eden-hotel.com\/#\/schema\/logo\/image\/"},"sameAs":["https:\/\/www.facebook.com\/HotelEdenLevicoTerme"]}]}},"publishpress_future_action":{"enabled":false,"date":"2026-05-06 14:12:24","action":"change-status","newStatus":"draft","terms":[],"taxonomy":"translation_priority","extraData":[]},"publishpress_future_workflow_manual_trigger":{"enabledWorkflows":[]},"_links":{"self":[{"href":"https:\/\/eden-hotel.com\/de\/wp-json\/wp\/v2\/pages\/1158","targetHints":{"allow":["GET"]}}],"collection":[{"href":"https:\/\/eden-hotel.com\/de\/wp-json\/wp\/v2\/pages"}],"about":[{"href":"https:\/\/eden-hotel.com\/de\/wp-json\/wp\/v2\/types\/page"}],"author":[{"embeddable":true,"href":"https:\/\/eden-hotel.com\/de\/wp-json\/wp\/v2\/users\/1"}],"replies":[{"embeddable":true,"href":"https:\/\/eden-hotel.com\/de\/wp-json\/wp\/v2\/comments?post=1158"}],"version-history":[{"count":2,"href":"https:\/\/eden-hotel.com\/de\/wp-json\/wp\/v2\/pages\/1158\/revisions"}],"predecessor-version":[{"id":1160,"href":"https:\/\/eden-hotel.com\/de\/wp-json\/wp\/v2\/pages\/1158\/revisions\/1160"}],"up":[{"embeddable":true,"href":"https:\/\/eden-hotel.com\/de\/wp-json\/wp\/v2\/pages\/1104"}],"wp:attachment":[{"href":"https:\/\/eden-hotel.com\/de\/wp-json\/wp\/v2\/media?parent=1158"}],"curies":[{"name":"wp","href":"https:\/\/api.w.org\/{rel}","templated":true}]}}