{"id":1029,"date":"2023-06-22T09:42:40","date_gmt":"2023-06-22T07:42:40","guid":{"rendered":"http:\/\/eden-hotel.com\/offers\/"},"modified":"2026-04-29T11:54:21","modified_gmt":"2026-04-29T09:54:21","slug":"angebote","status":"publish","type":"page","link":"https:\/\/eden-hotel.com\/de\/angebote\/","title":{"rendered":"Angebote"},"content":{"rendered":"<section class=\"l-section wpb_row height_medium with_img\"><div class=\"l-section-img\" role=\"img\" aria-label=\"Hotel Eden Levico Terme\" data-img-width=\"1901\" data-img-height=\"752\" style=\"background-image: url(https:\/\/eden-hotel.com\/wp-content\/uploads\/2023\/06\/sfondo-giallo-64bfa718.jpeg);\"><\/div><div class=\"l-section-h i-cf\"><div class=\"g-cols vc_row via_grid cols_1 laptops-cols_inherit tablets-cols_inherit mobiles-cols_1 valign_top type_default stacking_default\"><div class=\"wpb_column vc_column_container\"><div class=\"vc_column-inner\"><div class=\"wpb_text_column us_custom_58b1af09\"><div class=\"wpb_wrapper\"><h2 class=\"uk-h3 uk-margin-small\"><strong>Unsere aktiven Angebote<\/strong><\/h2>\n<\/div><\/div><div class=\"w-image us_custom_9047c4b3 align_center\"><div class=\"w-image-h\"><img decoding=\"async\" width=\"290\" height=\"71\" src=\"https:\/\/eden-hotel.com\/wp-content\/uploads\/2023\/06\/separatore-50aa8bf4.png\" class=\"attachment-large size-large\" alt=\"\" loading=\"lazy\" \/><\/div><\/div><div class=\"w-separator size_medium\"><\/div><div class=\"w-grid us_post_carousel apply_url_params type_carousel layout_106 overflow_hidden preload_style_spinner items_3\" id=\"us_post_list_ed9d\" style=\"--items:3;--gap:1rem;\"><style>.layout_106 .w-grid-item-h{background:var(--color-content-bg);color:var(--color-content-text);border-radius:0.3rem;box-shadow:0 0.03rem 0.06rem rgba(0,0,0,0.1),0 0.1rem 0.3rem rgba(0,0,0,0.1);transition-duration:0.3s}.no-touch .layout_106 .w-grid-item-h:hover{box-shadow:0 0.1rem 0.2rem rgba(0,0,0,0.1),0 0.33rem 1rem rgba(0,0,0,0.15);z-index:4}.layout_106 .usg_post_image_1{margin-bottom:-2rem!important}.layout_106 .usg_post_title_1{font-size:1.4rem!important;font-weight:700!important}.layout_106 .usg_vwrapper_1{margin-top:2rem!important;padding:9% 11% 11% 11%!important}.layout_106 .usg_post_taxonomy_1{font-weight:700!important;text-transform:uppercase!important;font-size:10px!important;position:absolute!important;z-index:2!important;top:1.2rem!important;right:1.2rem!important;left:1.2rem!important}.layout_106 .usg_post_content_1{font-size:16px!important;line-height:1.35!important;font-family:var(--font-family)!important;font-weight:400!important}@media (max-width:600px){.layout_106 .usg_post_title_1{font-size:1.2rem!important}}<\/style><div class=\"w-grid-list owl-carousel valign_stretch dotstyle_circle navstyle_circle arrows-ver-pos_middle arrows-hor-pos_on_sides_outside arrows-disabled_hide owl-responsive-2000 with_dots\" style=\"--transition-duration:350ms;\">\t<article class=\"w-grid-item size_1x1 post-1854 post type-post status-publish format-standard hentry category-angebote\" data-id=\"1854\">\r\n\t\t<div class=\"w-grid-item-h\">\r\n\t\t\t\t\t\t<div class=\"w-post-elm post_taxonomy usg_post_taxonomy_1 style_badge color_link_inherit\"><a class=\"w-btn us-btn-style_badge term-15 term-angebote\" href=\"https:\/\/eden-hotel.com\/de\/category\/angebote\/\"><span class=\"w-btn-label\">Angebote<\/span><\/a><\/div><div class=\"w-vwrapper usg_vwrapper_1\"><h2 class=\"w-post-elm post_title usg_post_title_1 entry-title color_link_inherit\"><a target=\"_blank\" rel=\"nofollow\" href=\"https:\/\/www.secure-reservation.cloud\/booking-engine\/?portal=hoteleden-levicoterme&amp;lang=de\">AUSZEIT VON DER STADT<\/a><\/h2><div class=\"w-post-elm post_content usg_post_content_1\"><p>M\u00f6chtest du dem Alltag entfliehen?<br \/>\nG\u00f6nne dir ein paar Tage Urlaub im Trentino, am Levico-See, in unserem Hotel.<br \/>\nWir haben uns f\u00fcr die Monate April und Mai ein kleines Geschenk ausgedacht.<\/p>\n<ul>\n<li>Bei einem Aufenthalt von 3 N\u00e4chten erhalten Sie einen kostenlosen Eintritt in unser Spa<\/li>\n<li>Bei einem Aufenthalt von 7 N\u00e4chten erhalten Sie zwei Eintritte in unser Spa und einen flauschigen Bademantel mit Saunatuch auf Ihrem Zimmer<\/li>\n<\/ul>\n<p>Pauschale: \u00dcbernachtung mit Fr\u00fchst\u00fcck.<br \/>\n<strong>Fordern Sie das Angebot unter der Tel. 0461.706103 an<\/strong><\/p>\n<\/div><\/div>\t\t<\/div>\r\n\t\t\t<\/article>\r\n\t<article class=\"w-grid-item size_1x1 post-1053 post type-post status-publish format-standard hentry category-angebote\" data-id=\"1053\">\r\n\t\t<div class=\"w-grid-item-h\">\r\n\t\t\t\t\t\t<div class=\"w-post-elm post_taxonomy usg_post_taxonomy_1 style_badge color_link_inherit\"><a class=\"w-btn us-btn-style_badge term-15 term-angebote\" href=\"https:\/\/eden-hotel.com\/de\/category\/angebote\/\"><span class=\"w-btn-label\">Angebote<\/span><\/a><\/div><div class=\"w-vwrapper usg_vwrapper_1\"><h2 class=\"w-post-elm post_title usg_post_title_1 entry-title color_link_inherit\"><a target=\"_blank\" rel=\"nofollow\" href=\"https:\/\/www.secure-reservation.cloud\/booking-engine\/?portal=hoteleden-levicoterme&amp;lang=de\">\u00dcBERNACHTUNG UND FR\u00dcHST\u00dcCK<\/a><\/h2><div class=\"w-post-elm post_content usg_post_content_1\"><p>\u00dcbernachtunf mit Fr\u00fchst\u00fcck &#8211; Concrete help, guaranteed savings: support the hospitality industry by booking on the hotel official website and enjoy the lowest rate on the web and the most favorable payment and cancellation conditions.Free Upgrade upon availability! Rufe uns um die M\u00f6glihkeiten zu kennen!! +39461706103<\/p>\n<\/div><\/div>\t\t<\/div>\r\n\t\t\t<\/article>\r\n\t<article class=\"w-grid-item size_1x1 post-1059 post type-post status-publish format-standard hentry category-angebote\" data-id=\"1059\">\r\n\t\t<div class=\"w-grid-item-h\">\r\n\t\t\t\t\t\t<div class=\"w-post-elm post_taxonomy usg_post_taxonomy_1 style_badge color_link_inherit\"><a class=\"w-btn us-btn-style_badge term-15 term-angebote\" href=\"https:\/\/eden-hotel.com\/de\/category\/angebote\/\"><span class=\"w-btn-label\">Angebote<\/span><\/a><\/div><div class=\"w-vwrapper usg_vwrapper_1\"><h2 class=\"w-post-elm post_title usg_post_title_1 entry-title color_link_inherit\">DREI TAGE WELLNESS &#038; RELAX<\/h2><div class=\"w-post-elm post_content usg_post_content_1\"><p>Drei Tage \u2013 zwei N\u00e4chte Wellnessurlaub, Anreise am Freitag und Abreise am Sonntag, Unterbringung im Deluxe-Zimmer mit Seeblick, \u00dcbernachtung mit Fr\u00fchst\u00fcck.<\/p>\n<ul>\n<li>T\u00e4glicher Zugang zu unserem Spa mit Hallenbad, Erlebnisduschen, Kneipp-Anlage und Sauna<\/li>\n<li>Wellness-Set auf dem Zimmer mit Bademantel, Badetuch, Badeschuhen und Badekappe<\/li>\n<li>Nachmittagstee an unserer Bar inklusive<\/li>\n<li>Trentino Guest Card, um unsere Region ganz nach Belieben zu erkunden<\/li>\n<\/ul>\n<p>PREISE AB 230,00 EURO<br \/>\nDIESES ANGEBOT KANN NUR DURCH EINE ANFRAGE AN:<br \/>\n<a href=\"mailto:info@eden-hotel.com\">info@eden-hotel.com<\/a><\/p>\n<\/div><\/div>\t\t<\/div>\r\n\t\t\t<\/article>\r\n<\/div><div class=\"w-grid-carousel-json hidden\" onclick='return {&quot;carousel_settings&quot;:{&quot;aria_labels&quot;:{&quot;prev&quot;:&quot;Zur\\u00fcck&quot;,&quot;next&quot;:&quot;Weiter&quot;},&quot;autoplayContinual&quot;:false,&quot;autoplayHoverPause&quot;:false,&quot;autoplayTimeout&quot;:3000,&quot;autoWidth&quot;:false,&quot;smartSpeed&quot;:350,&quot;margin&quot;:0,&quot;mouseDrag&quot;:true,&quot;rtl&quot;:false,&quot;slideBy&quot;:&quot;1&quot;,&quot;touchDrag&quot;:true,&quot;slideTransition&quot;:&quot;&quot;,&quot;responsive&quot;:{&quot;0&quot;:{&quot;autoHeight&quot;:false,&quot;autoplay&quot;:true,&quot;autoWidth&quot;:false,&quot;center&quot;:false,&quot;dots&quot;:true,&quot;items&quot;:1,&quot;loop&quot;:true,&quot;nav&quot;:false,&quot;stagePadding&quot;:0,&quot;slideBy&quot;:&quot;1&quot;},&quot;601&quot;:{&quot;autoHeight&quot;:false,&quot;autoplay&quot;:true,&quot;autoWidth&quot;:false,&quot;center&quot;:false,&quot;dots&quot;:true,&quot;items&quot;:2,&quot;loop&quot;:true,&quot;nav&quot;:false,&quot;stagePadding&quot;:0,&quot;slideBy&quot;:&quot;1&quot;},&quot;1025&quot;:{&quot;autoHeight&quot;:false,&quot;autoplay&quot;:true,&quot;autoWidth&quot;:false,&quot;center&quot;:false,&quot;dots&quot;:true,&quot;items&quot;:3,&quot;loop&quot;:false,&quot;nav&quot;:false,&quot;stagePadding&quot;:0,&quot;slideBy&quot;:&quot;1&quot;},&quot;1381&quot;:{&quot;items&quot;:3,&quot;autoplay&quot;:false,&quot;center&quot;:false,&quot;dots&quot;:true,&quot;nav&quot;:false,&quot;autoHeight&quot;:false,&quot;autoWidth&quot;:false,&quot;loop&quot;:false,&quot;stagePadding&quot;:0}}}}'><\/div><\/div><\/div><\/div><\/div><\/div><\/section>\n","protected":false},"excerpt":{"rendered":"Drei Tage \u2013 zwei N\u00e4chte Wellnessurlaub, Anreise am Freitag und Abreise am Sonntag, Unterbringung im Deluxe-Zimmer mit Seeblick, \u00dcbernachtung mit Fr\u00fchst\u00fcck. T\u00e4glicher Zugang zu unserem Spa mit Hallenbad, Erlebnisduschen, Kneipp-Anlage und Sauna Wellness-Set auf dem Zimmer mit Bademantel, Badetuch, Badeschuhen und Badekappe Nachmittagstee an unserer Bar inklusive Trentino Guest Card, um unsere Region ganz nach...","protected":false},"author":1,"featured_media":0,"parent":0,"menu_order":0,"comment_status":"closed","ping_status":"closed","template":"","meta":{"_acf_changed":false,"inline_featured_image":false,"footnotes":""},"class_list":["post-1029","page","type-page","status-publish","hentry"],"acf":[],"yoast_head":"<!-- This site is optimized with the Yoast SEO plugin v27.5 - https:\/\/yoast.com\/product\/yoast-seo-wordpress\/ -->\n<title>Angebote Levico Terme Trentino<\/title>\n<meta name=\"description\" content=\"Aktive Angebote f\u00fcr einen Aufenthalt in Levico Terme im Trentino\" \/>\n<meta name=\"robots\" content=\"index, follow, max-snippet:-1, max-image-preview:large, max-video-preview:-1\" \/>\n<link rel=\"canonical\" href=\"https:\/\/eden-hotel.com\/de\/angebote\/\" \/>\n<meta property=\"og:locale\" content=\"de_DE\" \/>\n<meta property=\"og:type\" content=\"article\" \/>\n<meta property=\"og:title\" content=\"Angebote Levico Terme Trentino\" \/>\n<meta property=\"og:description\" content=\"Aktive Angebote f\u00fcr einen Aufenthalt in Levico Terme im Trentino\" \/>\n<meta property=\"og:url\" content=\"https:\/\/eden-hotel.com\/de\/angebote\/\" \/>\n<meta property=\"og:site_name\" content=\"Hotel Eden Levico Terme\" \/>\n<meta property=\"article:publisher\" content=\"https:\/\/www.facebook.com\/HotelEdenLevicoTerme\" \/>\n<meta property=\"article:modified_time\" content=\"2026-04-29T09:54:21+00:00\" \/>\n<meta property=\"og:image\" content=\"https:\/\/eden-hotel.com\/wp-content\/uploads\/2023\/06\/dettaglio-camera-singola-levico-ca9e938a.jpeg\" \/>\n\t<meta property=\"og:image:width\" content=\"720\" \/>\n\t<meta property=\"og:image:height\" content=\"500\" \/>\n\t<meta property=\"og:image:type\" content=\"image\/jpeg\" \/>\n<meta name=\"twitter:card\" content=\"summary_large_image\" \/>\n<meta name=\"twitter:label1\" content=\"Gesch\u00e4tzte Lesezeit\" \/>\n\t<meta name=\"twitter:data1\" content=\"1\u00a0Minute\" \/>\n<script type=\"application\/ld+json\" class=\"yoast-schema-graph\">{\"@context\":\"https:\\\/\\\/schema.org\",\"@graph\":[{\"@type\":\"WebPage\",\"@id\":\"https:\\\/\\\/eden-hotel.com\\\/de\\\/angebote\\\/\",\"url\":\"https:\\\/\\\/eden-hotel.com\\\/de\\\/angebote\\\/\",\"name\":\"Angebote Levico Terme Trentino\",\"isPartOf\":{\"@id\":\"https:\\\/\\\/eden-hotel.com\\\/#website\"},\"datePublished\":\"2023-06-22T07:42:40+00:00\",\"dateModified\":\"2026-04-29T09:54:21+00:00\",\"description\":\"Aktive Angebote f\u00fcr einen Aufenthalt in Levico Terme im Trentino\",\"breadcrumb\":{\"@id\":\"https:\\\/\\\/eden-hotel.com\\\/de\\\/angebote\\\/#breadcrumb\"},\"inLanguage\":\"de\",\"potentialAction\":[{\"@type\":\"ReadAction\",\"target\":[\"https:\\\/\\\/eden-hotel.com\\\/de\\\/angebote\\\/\"]}]},{\"@type\":\"BreadcrumbList\",\"@id\":\"https:\\\/\\\/eden-hotel.com\\\/de\\\/angebote\\\/#breadcrumb\",\"itemListElement\":[{\"@type\":\"ListItem\",\"position\":1,\"name\":\"Home\",\"item\":\"https:\\\/\\\/eden-hotel.com\\\/de\\\/\"},{\"@type\":\"ListItem\",\"position\":2,\"name\":\"Angebote\"}]},{\"@type\":\"WebSite\",\"@id\":\"https:\\\/\\\/eden-hotel.com\\\/#website\",\"url\":\"https:\\\/\\\/eden-hotel.com\\\/\",\"name\":\"Hotel Eden Levico Terme\",\"description\":\"Hotel Eden Levico Terme\",\"publisher\":{\"@id\":\"https:\\\/\\\/eden-hotel.com\\\/#organization\"},\"potentialAction\":[{\"@type\":\"SearchAction\",\"target\":{\"@type\":\"EntryPoint\",\"urlTemplate\":\"https:\\\/\\\/eden-hotel.com\\\/?s={search_term_string}\"},\"query-input\":{\"@type\":\"PropertyValueSpecification\",\"valueRequired\":true,\"valueName\":\"search_term_string\"}}],\"inLanguage\":\"de\"},{\"@type\":\"Organization\",\"@id\":\"https:\\\/\\\/eden-hotel.com\\\/#organization\",\"name\":\"Hotel Eden Levico Terme\",\"url\":\"https:\\\/\\\/eden-hotel.com\\\/\",\"logo\":{\"@type\":\"ImageObject\",\"inLanguage\":\"de\",\"@id\":\"https:\\\/\\\/eden-hotel.com\\\/#\\\/schema\\\/logo\\\/image\\\/\",\"url\":\"http:\\\/\\\/eden-hotel.com\\\/wp-content\\\/uploads\\\/2023\\\/06\\\/logo-d34bb626.png\",\"contentUrl\":\"http:\\\/\\\/eden-hotel.com\\\/wp-content\\\/uploads\\\/2023\\\/06\\\/logo-d34bb626.png\",\"width\":182,\"height\":83,\"caption\":\"Hotel Eden Levico Terme\"},\"image\":{\"@id\":\"https:\\\/\\\/eden-hotel.com\\\/#\\\/schema\\\/logo\\\/image\\\/\"},\"sameAs\":[\"https:\\\/\\\/www.facebook.com\\\/HotelEdenLevicoTerme\"]}]}<\/script>\n<!-- \/ Yoast SEO plugin. -->","yoast_head_json":{"title":"Angebote Levico Terme Trentino","description":"Aktive Angebote f\u00fcr einen Aufenthalt in Levico Terme im Trentino","robots":{"index":"index","follow":"follow","max-snippet":"max-snippet:-1","max-image-preview":"max-image-preview:large","max-video-preview":"max-video-preview:-1"},"canonical":"https:\/\/eden-hotel.com\/de\/angebote\/","og_locale":"de_DE","og_type":"article","og_title":"Angebote Levico Terme Trentino","og_description":"Aktive Angebote f\u00fcr einen Aufenthalt in Levico Terme im Trentino","og_url":"https:\/\/eden-hotel.com\/de\/angebote\/","og_site_name":"Hotel Eden Levico Terme","article_publisher":"https:\/\/www.facebook.com\/HotelEdenLevicoTerme","article_modified_time":"2026-04-29T09:54:21+00:00","og_image":[{"width":720,"height":500,"url":"https:\/\/eden-hotel.com\/wp-content\/uploads\/2023\/06\/dettaglio-camera-singola-levico-ca9e938a.jpeg","type":"image\/jpeg"}],"twitter_card":"summary_large_image","twitter_misc":{"Gesch\u00e4tzte Lesezeit":"1\u00a0Minute"},"schema":{"@context":"https:\/\/schema.org","@graph":[{"@type":"WebPage","@id":"https:\/\/eden-hotel.com\/de\/angebote\/","url":"https:\/\/eden-hotel.com\/de\/angebote\/","name":"Angebote Levico Terme Trentino","isPartOf":{"@id":"https:\/\/eden-hotel.com\/#website"},"datePublished":"2023-06-22T07:42:40+00:00","dateModified":"2026-04-29T09:54:21+00:00","description":"Aktive Angebote f\u00fcr einen Aufenthalt in Levico Terme im Trentino","breadcrumb":{"@id":"https:\/\/eden-hotel.com\/de\/angebote\/#breadcrumb"},"inLanguage":"de","potentialAction":[{"@type":"ReadAction","target":["https:\/\/eden-hotel.com\/de\/angebote\/"]}]},{"@type":"BreadcrumbList","@id":"https:\/\/eden-hotel.com\/de\/angebote\/#breadcrumb","itemListElement":[{"@type":"ListItem","position":1,"name":"Home","item":"https:\/\/eden-hotel.com\/de\/"},{"@type":"ListItem","position":2,"name":"Angebote"}]},{"@type":"WebSite","@id":"https:\/\/eden-hotel.com\/#website","url":"https:\/\/eden-hotel.com\/","name":"Hotel Eden Levico Terme","description":"Hotel Eden Levico Terme","publisher":{"@id":"https:\/\/eden-hotel.com\/#organization"},"potentialAction":[{"@type":"SearchAction","target":{"@type":"EntryPoint","urlTemplate":"https:\/\/eden-hotel.com\/?s={search_term_string}"},"query-input":{"@type":"PropertyValueSpecification","valueRequired":true,"valueName":"search_term_string"}}],"inLanguage":"de"},{"@type":"Organization","@id":"https:\/\/eden-hotel.com\/#organization","name":"Hotel Eden Levico Terme","url":"https:\/\/eden-hotel.com\/","logo":{"@type":"ImageObject","inLanguage":"de","@id":"https:\/\/eden-hotel.com\/#\/schema\/logo\/image\/","url":"http:\/\/eden-hotel.com\/wp-content\/uploads\/2023\/06\/logo-d34bb626.png","contentUrl":"http:\/\/eden-hotel.com\/wp-content\/uploads\/2023\/06\/logo-d34bb626.png","width":182,"height":83,"caption":"Hotel Eden Levico Terme"},"image":{"@id":"https:\/\/eden-hotel.com\/#\/schema\/logo\/image\/"},"sameAs":["https:\/\/www.facebook.com\/HotelEdenLevicoTerme"]}]}},"publishpress_future_action":{"enabled":false,"date":"2026-05-06 13:57:57","action":"change-status","newStatus":"draft","terms":[],"taxonomy":"translation_priority","extraData":[]},"publishpress_future_workflow_manual_trigger":{"enabledWorkflows":[]},"_links":{"self":[{"href":"https:\/\/eden-hotel.com\/de\/wp-json\/wp\/v2\/pages\/1029","targetHints":{"allow":["GET"]}}],"collection":[{"href":"https:\/\/eden-hotel.com\/de\/wp-json\/wp\/v2\/pages"}],"about":[{"href":"https:\/\/eden-hotel.com\/de\/wp-json\/wp\/v2\/types\/page"}],"author":[{"embeddable":true,"href":"https:\/\/eden-hotel.com\/de\/wp-json\/wp\/v2\/users\/1"}],"replies":[{"embeddable":true,"href":"https:\/\/eden-hotel.com\/de\/wp-json\/wp\/v2\/comments?post=1029"}],"version-history":[{"count":3,"href":"https:\/\/eden-hotel.com\/de\/wp-json\/wp\/v2\/pages\/1029\/revisions"}],"predecessor-version":[{"id":1945,"href":"https:\/\/eden-hotel.com\/de\/wp-json\/wp\/v2\/pages\/1029\/revisions\/1945"}],"wp:attachment":[{"href":"https:\/\/eden-hotel.com\/de\/wp-json\/wp\/v2\/media?parent=1029"}],"curies":[{"name":"wp","href":"https:\/\/api.w.org\/{rel}","templated":true}]}}